{"id":66,"date":"2022-03-27T19:37:12","date_gmt":"2022-03-27T17:37:12","guid":{"rendered":"http:\/\/gip.ruhosting.nl\/?page_id=66"},"modified":"2025-02-25T18:44:29","modified_gmt":"2025-02-25T17:44:29","slug":"impressum","status":"publish","type":"page","link":"https:\/\/gipmaponi.de\/?page_id=66","title":{"rendered":"Impressum"},"content":{"rendered":"\n<p><strong>Diese Website ist ein Angebot von:<\/strong><\/p>\n\n\n\n<p><strong>Prof. Dr. Kathrin Siebold<\/strong>,<strong> Philipps-Universit\u00e4t Marburg<\/strong><\/p>\n\n\n\n<p>Deutschhausstra\u00dfe 3<br>35032 Marburg<br>Deutschland<\/p>\n\n\n\n<p><strong><strong>Prof. Dr. Sylwia Adamczak-Krysztofowicz<\/strong>,&nbsp;<strong>Uniwersytet im. Adama Mickiewicza<\/strong>&nbsp;<strong>w Poznaniu<\/strong><\/strong><\/p>\n\n\n\n<p>Collegium Novum<br>Wydzia\u0142 Neofilologii<br>Instytut Lingwistyki Stosowanej UAM<br>al. Niepodleg\u0142o\u015bci 4,<br>61-874 Pozna\u0144<br>Polen<\/p>\n\n\n\n<p><strong>Assoc.-Prof.<\/strong> <strong>Dr. Sabine Jentges<\/strong>, <strong>Radboud Universiteit in Nijmegen<\/strong><\/p>\n\n\n\n<p>Moderne Fremdsprachen &amp; Kulturen<br>Erasmusplein 1<br>6525 HT NIJMEGEN<br>Niederlande<\/p>\n\n\n\n<p><strong>Sie erreichen uns per E-Mail:<\/strong><\/p>\n\n\n\n<p><strong>gip-nl-pl-d[AT]uni-marburg.de<\/strong><\/p>\n\n\n\n<p><strong>Fotos<\/strong><\/p>\n\n\n\n<p>Die Logos unterliegen dem Copyright der jeweiligen Einrichtungen. Die Rechte f\u00fcr das Banner auf der Startseite liegen bei Dr. Sabine Jentges, Radboud Universit\u00e4t in Nijmegen.<\/p>\n\n\n\n<p><strong>Layout<\/strong><br><a href=\"http:\/\/www.sandrawiegard.de\"><\/a><a href=\"https:\/\/superbthemes.com\/minimalistblogger\/\">Minimalist Blog<\/a> WordPress Theme<\/p>\n\n\n\n<p><strong>Technische Umsetzung &amp; Betreuung<\/strong><\/p>\n\n\n\n<p>Henning Meredig, MA<\/p>\n","protected":false},"excerpt":{"rendered":"<p>Diese Website ist ein Angebot von: Prof. Dr. Kathrin Siebold, Philipps-Universit\u00e4t Marburg Deutschhausstra\u00dfe 335032 MarburgDeutschland Prof. Dr. Sylwia Adamczak-Krysztofowicz,&nbsp;Uniwersytet im. Adama Mickiewicza&nbsp;w Poznaniu Collegium NovumWydzia\u0142 NeofilologiiInstytut Lingwistyki Stosowanej UAMal. Niepodleg\u0142o\u015bci 4,61-874 Pozna\u0144Polen Assoc.-Prof. Dr. Sabine Jentges, Radboud Universiteit in Nijmegen Moderne Fremdsprachen &amp; KulturenErasmusplein 16525 HT NIJMEGENNiederlande Sie erreichen uns per E-Mail: gip-nl-pl-d[AT]uni-marburg.de Fotos Die&#8230;<\/p>\n","protected":false},"author":1,"featured_media":0,"parent":0,"menu_order":0,"comment_status":"closed","ping_status":"closed","template":"","meta":{"footnotes":""},"class_list":["post-66","page","type-page","status-publish","hentry"],"_links":{"self":[{"href":"https:\/\/gipmaponi.de\/index.php?rest_route=\/wp\/v2\/pages\/66","targetHints":{"allow":["GET"]}}],"collection":[{"href":"https:\/\/gipmaponi.de\/index.php?rest_route=\/wp\/v2\/pages"}],"about":[{"href":"https:\/\/gipmaponi.de\/index.php?rest_route=\/wp\/v2\/types\/page"}],"author":[{"embeddable":true,"href":"https:\/\/gipmaponi.de\/index.php?rest_route=\/wp\/v2\/users\/1"}],"replies":[{"embeddable":true,"href":"https:\/\/gipmaponi.de\/index.php?rest_route=%2Fwp%2Fv2%2Fcomments&post=66"}],"version-history":[{"count":9,"href":"https:\/\/gipmaponi.de\/index.php?rest_route=\/wp\/v2\/pages\/66\/revisions"}],"predecessor-version":[{"id":462,"href":"https:\/\/gipmaponi.de\/index.php?rest_route=\/wp\/v2\/pages\/66\/revisions\/462"}],"wp:attachment":[{"href":"https:\/\/gipmaponi.de\/index.php?rest_route=%2Fwp%2Fv2%2Fmedia&parent=66"}],"curies":[{"name":"wp","href":"https:\/\/api.w.org\/{rel}","templated":true}]}}